{"id":2,"date":"2018-12-02T11:30:24","date_gmt":"2018-12-02T10:30:24","guid":{"rendered":"http:\/\/lourdesbascones.be\/?page_id=2"},"modified":"2020-10-03T21:59:16","modified_gmt":"2020-10-03T19:59:16","slug":"hypnose-ericksonienne","status":"publish","type":"page","link":"https:\/\/lourdesbascones.be\/","title":{"rendered":"Accueil"},"content":{"rendered":"<div id=\"pl-2\"  class=\"panel-layout\" ><div id=\"pg-2-0\"  class=\"panel-grid panel-no-style\" ><div id=\"pgc-2-0-0\"  class=\"panel-grid-cell\" ><div id=\"panel-2-0-0-1\" class=\"so-panel widget widget_sow-editor panel-last-child\" data-index=\"1\" ><div class=\"panel-widget-style panel-widget-style-for-2-0-0-1\" ><div\n\t\t\t\n\t\t\tclass=\"so-widget-sow-editor so-widget-sow-editor-base\"\n\t\t\t\n\t\t>\n<div class=\"siteorigin-widget-tinymce textwidget\">\n\t<h5 style=\"text-align: center;\"><span style=\"font-family: kristen-itc; font-size: 14pt; color: #06b8b9;\">Vous souhaitez retrouver l\u2019\u00e9quilibre et l\u2019harmonie dans votre vie<\/span><\/h5>\n<p>&nbsp;<\/p>\n<h6 style=\"text-align: justify;\"><span style=\"font-family: Tahoma, Arial, Helvetica, sans-serif; font-size: 12pt;\">Vous avez une d\u00e9pendance dont vous souhaitez vous d\u00e9faire ! Vous avez l'impression de passer \u00e0 c\u00f4t\u00e9 de votre vie\u00a0! Vous \u00eates anxieux\u00a0! Vous manquez de confiance en vous\u00a0! Vous avez du mal \u00e0 accepter un deuil ou un \u00e9chec\u00a0! Vous avez des probl\u00e8mes de sommeil\u00a0! Vous avez des phobies\u00a0! Vous \u00eates stress\u00e9\u00a0! Retrouver l\u2019\u00e9quilibre et l\u2019harmonie dans votre vie.<\/span><\/h6>\n<p>&nbsp;<\/p>\n<h5 style=\"text-align: center;\"><span style=\"font-family: kristen-itc; font-size: 14pt; color: #06b8b9;\">Vous souhaitez d\u00e9velopper vos capacit\u00e9s et d\u00e9passez vos limites<\/span><\/h5>\n<p>&nbsp;<\/p>\n<h6 style=\"text-align: justify;\"><span style=\"font-family: Tahoma, Arial, Helvetica, sans-serif; font-size: 12pt;\">Quels que soient vos besoins, je suis \u00e0 votre \u00e9coute afin de vous aider lors du processus de la d\u00e9couverte de soi. Lors de nos s\u00e9ances, j'encouragerai votre transformation comportementale par l'adoption d'une attitude positive et de nouvelles habitudes.<\/span><\/h6>\n<h6 style=\"text-align: justify;\"><span style=\"font-family: Tahoma, Arial, Helvetica, sans-serif; font-size: 12pt;\">En tant que praticien en hypnoth\u00e9rapie Ericksonienne - Humaniste - Flash - Integrative. J'ai les outils pour vous remettre sur les rails du bien-\u00eatre et de la connaissance de votre \u00ab\u00a0Soi\u00a0\u00bb, tout en respectant votre histoire, votre int\u00e9grit\u00e9, et vos valeurs.<\/span><\/h6>\n<h6 style=\"text-align: justify;\"><span style=\"font-family: Tahoma, Arial, Helvetica, sans-serif; font-size: 12pt;\">Je serai un guide, un coach de vie, je vous donnerai des conseils avis\u00e9s et des exercices pour d\u00e9velopper toutes les ressources qu'il vous manque pour atteindre votre but. Je vous aiderai \u00e0 supprimer vos blocages pour retrouver l\u2019\u00e9quilibre et l\u2019harmonie dans votre Vie.<\/span><\/h6>\n<p>&nbsp;<\/p>\n<h6 style=\"text-align: center;\"><span style=\"font-family: kristen-itc; font-size: 10pt;\">Vos Faiblesses sont Votre Force \u2026\u00a0\u00a0 \u00ab\u00a0Sigmund Freud\u00a0\u00bb<\/span><\/h6>\n<p><a href=\"https:\/\/lourdesbascones.be\/index.php\/hypnotherapie\/\"><img loading=\"lazy\" decoding=\"async\" class=\"aligncenter size-full wp-image-429\" src=\"https:\/\/lourdesbascones.be\/wp-content\/uploads\/2018\/12\/cerveau1.jpg\" alt=\"\" width=\"400\" height=\"389\" srcset=\"https:\/\/lourdesbascones.be\/wp-content\/uploads\/2018\/12\/cerveau1.jpg 400w, https:\/\/lourdesbascones.be\/wp-content\/uploads\/2018\/12\/cerveau1-300x292.jpg 300w\" sizes=\"(max-width: 400px) 100vw, 400px\" \/><\/a><\/p>\n<p>&nbsp;<\/p>\n<\/div>\n<\/div><\/div><\/div><\/div><\/div><\/div>","protected":false},"excerpt":{"rendered":"<p>Vous souhaitez retrouver l\u2019\u00e9quilibre et l\u2019harmonie dans votre vie &nbsp; Vous avez une d\u00e9pendance dont vous souhaitez vous d\u00e9faire ! Vous avez l&#8217;impression de passer \u00e0 c\u00f4t\u00e9 de votre vie\u00a0! Vous \u00eates anxieux\u00a0! Vous manquez de confiance en vous\u00a0! Vous avez du mal \u00e0 accepter un deuil ou un \u00e9chec\u00a0! Vous avez des probl\u00e8mes de [&hellip;]<\/p>\n","protected":false},"author":1,"featured_media":0,"parent":0,"menu_order":0,"comment_status":"closed","ping_status":"open","template":"","meta":{"footnotes":""},"_links":{"self":[{"href":"https:\/\/lourdesbascones.be\/index.php\/wp-json\/wp\/v2\/pages\/2"}],"collection":[{"href":"https:\/\/lourdesbascones.be\/index.php\/wp-json\/wp\/v2\/pages"}],"about":[{"href":"https:\/\/lourdesbascones.be\/index.php\/wp-json\/wp\/v2\/types\/page"}],"author":[{"embeddable":true,"href":"https:\/\/lourdesbascones.be\/index.php\/wp-json\/wp\/v2\/users\/1"}],"replies":[{"embeddable":true,"href":"https:\/\/lourdesbascones.be\/index.php\/wp-json\/wp\/v2\/comments?post=2"}],"version-history":[{"count":115,"href":"https:\/\/lourdesbascones.be\/index.php\/wp-json\/wp\/v2\/pages\/2\/revisions"}],"predecessor-version":[{"id":537,"href":"https:\/\/lourdesbascones.be\/index.php\/wp-json\/wp\/v2\/pages\/2\/revisions\/537"}],"wp:attachment":[{"href":"https:\/\/lourdesbascones.be\/index.php\/wp-json\/wp\/v2\/media?parent=2"}],"curies":[{"name":"wp","href":"https:\/\/api.w.org\/{rel}","templated":true}]}}